{"id":10,"date":"2017-03-02T12:01:42","date_gmt":"2017-03-02T12:01:42","guid":{"rendered":"http:\/\/rcreators.in\/Prefabnest\/?page_id=10"},"modified":"2017-04-11T23:44:54","modified_gmt":"2017-04-11T18:14:54","slug":"about-us","status":"publish","type":"page","link":"http:\/\/prefabnest.com\/fr\/about-us\/","title":{"rendered":"\u00c0 propos de nous"},"content":{"rendered":"<p>[vc_row][vc_column][vc_empty_space height=\u00a0\u00bb50px\u00a0\u00bb][vc_row_inner][vc_column_inner width=\u00a0\u00bb1\/2&Prime;][vc_single_image image=\u00a0\u00bb89&Prime; img_size=\u00a0\u00bbfull\u00a0\u00bb][vc_empty_space height=\u00a0\u00bb10px\u00a0\u00bb][vc_column_text]Pionniers dans l&rsquo;industrie de la construction pr\u00e9fabriqu\u00e9e, nous sommes dans le domaine de la construction et de l&rsquo;am\u00e9nagement int\u00e9rieur depuis plus d&rsquo;une d\u00e9cennie.<br \/>\nNous produisons des b\u00e2timents :<\/p>\n<p>a) De haute qualit\u00e9, des pr\u00eats \u00e0 l&#8217;emploi et \u00e0 la pointe de la technologie, pour tous les types de projets, y compris les logements abordables ;<br \/>\nb) Selon la sp\u00e9cification du client \u2013 Selon les exigences de conception et de taille, les panneaux sont fabriqu\u00e9s dans notre usine de production et exp\u00e9di\u00e9s sur le chantier pour l&rsquo;assemblage ; et<br \/>\nc) Fournis avec des \u00e9quipements et des produits suppl\u00e9mentaires de pointe, avec un accent particulier sur les \u00e9conomies d&rsquo;\u00e9nergie et les produits \u00e9cologiques.<\/p>\n<p>La technologie Prefab Nest permet un processus de construction tr\u00e8s rapide, dans lequel la construction du b\u00e2timent peut \u00eatre compl\u00e9t\u00e9e en une ou plusieurs semaines, selon l&rsquo;\u00e9chelle du projet.[\/vc_column_text][\/vc_column_inner][vc_column_inner width=\u00a0\u00bb1\/2&Prime;][vc_single_image image=\u00a0\u00bb103&Prime; img_size=\u00a0\u00bbfull\u00a0\u00bb][vc_empty_space height=\u00a0\u00bb10px\u00a0\u00bb][vc_column_text]Nos panneaux sont \u00e9tanches et r\u00e9pondent aux normes de s\u00e9curit\u00e9 les plus \u00e9lev\u00e9es en mati\u00e8re de s\u00e9curit\u00e9 incendie, d&rsquo;ouragan et de s\u00e9isme.<br \/>\nBien que peu co\u00fbteux et comp\u00e9titifs en prix, les immeubles Prefab Nest sont sup\u00e9rieurs en qualit\u00e9, par rapport \u00e0 d&rsquo;autres solutions de logements pr\u00e9fabriqu\u00e9s sur le march\u00e9.<br \/>\nLes solutions Prefab Nest apportent les avantages suivants \u00e0 ses clients B2b et B2c :<br \/>\na) Construction facile et rapide ;<br \/>\nb) Longue durabilit\u00e9 et entretien minimal ; et<br \/>\nc) Normes \u00e9lev\u00e9es de qualit\u00e9 et de s\u00e9curit\u00e9.[\/vc_column_text][\/vc_column_inner][\/vc_row_inner][vc_empty_space height=\u00a0\u00bb50px\u00a0\u00bb][\/vc_column][\/vc_row][vc_row full_width=\u00a0\u00bbstretch_row\u00a0\u00bb css=\u00a0\u00bb.vc_custom_1488789348301{background-color: #222222 !important;}\u00a0\u00bb el_class=\u00a0\u00bbwhite_text\u00a0\u00bb][vc_column width=\u00a0\u00bb2\/3&Prime;][vc_empty_space height=\u00a0\u00bb50&Prime;][vc_column_text]<\/p>\n<h2 id=\"tw-target-text\" class=\"tw-data-text tw-ta tw-text-medium\" dir=\"ltr\" data-placeholder=\"Translation\"><span lang=\"fr\">QUI SOMMES-NOUS ET NOS PRIORIT\u00c9S<\/span><\/h2>\n<p>[\/vc_column_text][vc_separator color=\u00a0\u00bbcustom\u00a0\u00bb align=\u00a0\u00bbalign_left\u00a0\u00bb border_width=\u00a0\u00bb2&Prime; el_width=\u00a0\u00bb10&Prime; accent_color=\u00a0\u00bb#a71e22&Prime;][vc_column_text]<em><u>Notre vision<\/u><\/em>\u00a0: Produire avec passion et joie, des maisons et des b\u00e2timents durables, en adoptant des technologies de pointe et des processus d&rsquo;innovation centr\u00e9e sur le client. D\u00e9velopper le groupe le plus admir\u00e9, respect\u00e9 et aspir\u00e9 dans l&rsquo;industrie de la construction et de l&rsquo;am\u00e9nagement int\u00e9rieur.<\/p>\n<p><em><u>Notre mission<\/u><\/em>: Red\u00e9finir les Espaces de Vie[\/vc_column_text][vc_empty_space height=\u00a0\u00bb30&Prime;][vc_row_inner][vc_column_inner width=\u00a0\u00bb1\/2&Prime;]<div class=\"aio-icon-component    style_2\"><div id=\"Info-box-wrap-6635\" class=\"aio-icon-box left-icon\" style=\"\"  ><div class=\"aio-icon-left\"><div class=\"ult-just-icon-wrapper  \"><div class=\"align-icon\" style=\"text-align:center;\">\n<div class=\"aio-icon square \"  style=\"color:#ffffff;background:#333333;font-size:25px;display:inline-block;\">\n\t<i class=\"Defaults-user\"><\/i>\n<\/div><\/div><\/div><\/div><div class=\"aio-ibd-block\"><div class=\"aio-icon-header\" ><h3 class=\"aio-icon-title ult-responsive\"  data-ultimate-target='#Info-box-wrap-6635 .aio-icon-title'  data-responsive-json-new='{\"font-size\":\"desktop:20px;\",\"line-height\":\"\"}'  style=\"\">\u00catre centr\u00e9 sur les gens<\/h3><\/div> <!-- header --><div class=\"aio-icon-description ult-responsive\"  data-ultimate-target='#Info-box-wrap-6635 .aio-icon-description'  data-responsive-json-new='{\"font-size\":\"desktop:13px;\",\"line-height\":\"\"}'  style=\"\">Respect et de la valeur pour les personnes.<\/div> <!-- description --><\/div> <!-- aio-ibd-block --><\/div> <!-- aio-icon-box --><\/div> <!-- aio-icon-component --><div class=\"aio-icon-component    style_2\"><div id=\"Info-box-wrap-1475\" class=\"aio-icon-box left-icon\" style=\"\"  ><div class=\"aio-icon-left\"><div class=\"ult-just-icon-wrapper  \"><div class=\"align-icon\" style=\"text-align:center;\">\n<div class=\"aio-icon square \"  style=\"color:#ffffff;background:#333333;font-size:25px;display:inline-block;\">\n\t<i class=\"Defaults-signal\"><\/i>\n<\/div><\/div><\/div><\/div><div class=\"aio-ibd-block\"><div class=\"aio-icon-header\" ><h3 class=\"aio-icon-title ult-responsive\"  data-ultimate-target='#Info-box-wrap-1475 .aio-icon-title'  data-responsive-json-new='{\"font-size\":\"desktop:20px;\",\"line-height\":\"\"}'  style=\"\">bon sens des affaires <\/h3><\/div> <!-- header --><div class=\"aio-icon-description ult-responsive\"  data-ultimate-target='#Info-box-wrap-1475 .aio-icon-description'  data-responsive-json-new='{\"font-size\":\"desktop:13px;\",\"line-height\":\"\"}'  style=\"\">Prendre les d\u00e9cisions bas\u00e9es sur les chiffres clairs, en consultation avec le client<\/div> <!-- description --><\/div> <!-- aio-ibd-block --><\/div> <!-- aio-icon-box --><\/div> <!-- aio-icon-component --><div class=\"aio-icon-component    style_2\"><div id=\"Info-box-wrap-8964\" class=\"aio-icon-box left-icon\" style=\"\"  ><div class=\"aio-icon-left\"><div class=\"ult-just-icon-wrapper  \"><div class=\"align-icon\" style=\"text-align:center;\">\n<div class=\"aio-icon square \"  style=\"color:#ffffff;background:#333333;font-size:25px;display:inline-block;\">\n\t<i class=\"Defaults-user\"><\/i>\n<\/div><\/div><\/div><\/div><div class=\"aio-ibd-block\"><div class=\"aio-icon-header\" ><h3 class=\"aio-icon-title ult-responsive\"  data-ultimate-target='#Info-box-wrap-8964 .aio-icon-title'  data-responsive-json-new='{\"font-size\":\"desktop:20px;\",\"line-height\":\"\"}'  style=\"\">\u00catre responsable<\/h3><\/div> <!-- header --><div class=\"aio-icon-description ult-responsive\"  data-ultimate-target='#Info-box-wrap-8964 .aio-icon-description'  data-responsive-json-new='{\"font-size\":\"desktop:13px;\",\"line-height\":\"\"}'  style=\"\"><\/p>\n<p class=\"p1\"><span class=\"s1\">D\u00e9velopper un sentiment d\u2019appartenance, \u00eatre ouvert et honn\u00eate avec les clients, et honorer l\u2019engagement<\/span><\/p>\n<p><\/div> <!-- description --><\/div> <!-- aio-ibd-block --><\/div> <!-- aio-icon-box --><\/div> <!-- aio-icon-component -->[\/vc_column_inner][vc_column_inner width=\u00a0\u00bb1\/2&Prime;]<div class=\"aio-icon-component    style_2\"><div id=\"Info-box-wrap-7087\" class=\"aio-icon-box left-icon\" style=\"\"  ><div class=\"aio-icon-left\"><div class=\"ult-just-icon-wrapper  \"><div class=\"align-icon\" style=\"text-align:center;\">\n<div class=\"aio-icon square \"  style=\"color:#ffffff;background:#333333;font-size:25px;display:inline-block;\">\n\t<i class=\"Defaults-refresh\"><\/i>\n<\/div><\/div><\/div><\/div><div class=\"aio-ibd-block\"><div class=\"aio-icon-header\" ><h3 class=\"aio-icon-title ult-responsive\"  data-ultimate-target='#Info-box-wrap-7087 .aio-icon-title'  data-responsive-json-new='{\"font-size\":\"desktop:20px;\",\"line-height\":\"\"}'  style=\"\">Se concentrer sur les relations<\/h3><\/div> <!-- header --><div class=\"aio-icon-description ult-responsive\"  data-ultimate-target='#Info-box-wrap-7087 .aio-icon-description'  data-responsive-json-new='{\"font-size\":\"desktop:13px;\",\"line-height\":\"\"}'  style=\"\">D\u00e9velopper des relations avec les gens, et faire confiance au pouvoir des relations<\/div> <!-- description --><\/div> <!-- aio-ibd-block --><\/div> <!-- aio-icon-box --><\/div> <!-- aio-icon-component --><div class=\"aio-icon-component    style_2\"><div id=\"Info-box-wrap-9357\" class=\"aio-icon-box left-icon\" style=\"\"  ><div class=\"aio-icon-left\"><div class=\"ult-just-icon-wrapper  \"><div class=\"align-icon\" style=\"text-align:center;\">\n<div class=\"aio-icon square \"  style=\"color:#ffffff;background:#333333;font-size:25px;display:inline-block;\">\n\t<i class=\"Defaults-check\"><\/i>\n<\/div><\/div><\/div><\/div><div class=\"aio-ibd-block\"><div class=\"aio-icon-header\" ><h3 class=\"aio-icon-title ult-responsive\"  data-ultimate-target='#Info-box-wrap-9357 .aio-icon-title'  data-responsive-json-new='{\"font-size\":\"desktop:20px;\",\"line-height\":\"\"}'  style=\"\">Int\u00e9grit\u00e9<\/h3><\/div> <!-- header --><div class=\"aio-icon-description ult-responsive\"  data-ultimate-target='#Info-box-wrap-9357 .aio-icon-description'  data-responsive-json-new='{\"font-size\":\"desktop:13px;\",\"line-height\":\"\"}'  style=\"\"><\/p>\n<p class=\"p1\"><span class=\"s1\">Honn\u00eatet\u00e9 et respect des engagements<\/span><\/p>\n<p><\/div> <!-- description --><\/div> <!-- aio-ibd-block --><\/div> <!-- aio-icon-box --><\/div> <!-- aio-icon-component --><div class=\"aio-icon-component    style_2\"><div id=\"Info-box-wrap-6986\" class=\"aio-icon-box left-icon\" style=\"\"  ><div class=\"aio-icon-left\"><div class=\"ult-just-icon-wrapper  \"><div class=\"align-icon\" style=\"text-align:center;\">\n<div class=\"aio-icon square \"  style=\"color:#ffffff;background:#333333;font-size:25px;display:inline-block;\">\n\t<i class=\"Defaults-thumbs-up\"><\/i>\n<\/div><\/div><\/div><\/div><div class=\"aio-ibd-block\"><div class=\"aio-icon-header\" ><h3 class=\"aio-icon-title ult-responsive\"  data-ultimate-target='#Info-box-wrap-6986 .aio-icon-title'  data-responsive-json-new='{\"font-size\":\"desktop:20px;\",\"line-height\":\"\"}'  style=\"\">Promesse de marque<\/h3><\/div> <!-- header --><div class=\"aio-icon-description ult-responsive\"  data-ultimate-target='#Info-box-wrap-6986 .aio-icon-description'  data-responsive-json-new='{\"font-size\":\"desktop:13px;\",\"line-height\":\"\"}'  style=\"\"><\/p>\n<p class=\"p1\"><span class=\"s1\">Am\u00e9liorer la vie<\/span><\/p>\n<p><\/div> <!-- description --><\/div> <!-- aio-ibd-block --><\/div> <!-- aio-icon-box --><\/div> <!-- aio-icon-component -->[\/vc_column_inner][\/vc_row_inner][vc_empty_space height=\u00a0\u00bb30&Prime;][\/vc_column][vc_column width=\u00a0\u00bb1\/3&Prime;][vc_empty_space height=\u00a0\u00bb50&Prime;][vc_single_image image=\u00a0\u00bb77&Prime; img_size=\u00a0\u00bbfull\u00a0\u00bb alignment=\u00a0\u00bbcenter\u00a0\u00bb][vc_separator color=\u00a0\u00bbcustom\u00a0\u00bb align=\u00a0\u00bbalign_left\u00a0\u00bb border_width=\u00a0\u00bb2&Prime; el_width=\u00a0\u00bb10&Prime; accent_color=\u00a0\u00bb#a71e22&Prime;][vc_column_text]Prefab Nest utilise un processus de construction modulaire\u00a0; Beaucoup de composants d&rsquo;une maison sont fabriqu\u00e9s et pr\u00e9assembl\u00e9s avant la construction sur site. Selon notre compr\u00e9hension, cette technique est moins co\u00fbteuse que les m\u00e9thodes &lt;&lt; stick-built &gt;&gt; (ou construction sur place) et produit moins de d\u00e9chets[\/vc_column_text][vc_empty_space height=\u00a0\u00bb30&Prime;][\/vc_column][\/vc_row][vc_row full_width=\u00a0\u00bbstretch_row\u00a0\u00bb el_class=\u00a0\u00bbwhite_text\u00a0\u00bb css=\u00a0\u00bb.vc_custom_1488787665483{background-color: #a71e22 !important;}\u00a0\u00bb][vc_column][vc_empty_space height=\u00a0\u00bb50&Prime;][vc_row_inner][vc_column_inner width=\u00a0\u00bb3\/4&Prime;][vc_column_text]<\/p>\n<h3 id=\"tw-target-text\" class=\"tw-data-text tw-ta tw-text-medium\" dir=\"ltr\" data-placeholder=\"Translation\"><span lang=\"fr\">Pour plus de d\u00e9tails sur les devis et les sp\u00e9cifications.<\/span><\/h3>\n<p>[\/vc_column_text][\/vc_column_inner][vc_column_inner width=\u00a0\u00bb1\/4&Prime;][vc_btn title=\u00a0\u00bbENTRER EN CONTACT\u00a0\u00bb style=\u00a0\u00bboutline\u00a0\u00bb shape=\u00a0\u00bbsquare\u00a0\u00bb color=\u00a0\u00bbwhite\u00a0\u00bb align=\u00a0\u00bbcenter\u00a0\u00bb button_block=\u00a0\u00bbtrue\u00a0\u00bb link=\u00a0\u00bburl:http%3A%2F%2Frcreators.in%2FPrefabnest%2Fcontact-us%2F|||\u00a0\u00bb][\/vc_column_inner][\/vc_row_inner][vc_empty_space height=\u00a0\u00bb50&Prime;][\/vc_column][\/vc_row]<\/p>\n","protected":false},"excerpt":{"rendered":"<p>[vc_row][vc_column][vc_empty_space height=\u00a0\u00bb50px\u00a0\u00bb][vc_row_inner][vc_column_inner width=\u00a0\u00bb1\/2&Prime;][vc_single_image image=\u00a0\u00bb89&Prime; img_size=\u00a0\u00bbfull\u00a0\u00bb][vc_empty_space height=\u00a0\u00bb10px\u00a0\u00bb][vc_column_text]Pionniers dans l&rsquo;industrie de la construction pr\u00e9fabriqu\u00e9e, nous sommes dans le domaine de la construction et de l&rsquo;am\u00e9nagement int\u00e9rieur depuis plus d&rsquo;une d\u00e9cennie. Nous produisons des b\u00e2timents : a) De haute qualit\u00e9, des pr\u00eats \u00e0 l&#8217;emploi et \u00e0 la pointe de la technologie, pour tous les types de projets, y compris les logements abordables ; b) Selon la sp\u00e9cification du client \u2013 Selon les exigences de conception et de taille, les panneaux sont fabriqu\u00e9s dans<\/p>\n","protected":false},"author":1,"featured_media":0,"parent":0,"menu_order":0,"comment_status":"closed","ping_status":"closed","template":"","meta":{"footnotes":""},"class_list":["post-10","page","type-page","status-publish","hentry"],"yoast_head":"<!-- This site is optimized with the Yoast SEO plugin v15.5 - https:\/\/yoast.com\/wordpress\/plugins\/seo\/ -->\n<meta name=\"robots\" content=\"index, follow, max-snippet:-1, max-image-preview:large, max-video-preview:-1\" \/>\n<link rel=\"canonical\" href=\"http:\/\/prefabnest.com\/fr\/about-us\/\" \/>\n<meta property=\"og:locale\" content=\"fr_FR\" \/>\n<meta property=\"og:type\" content=\"article\" \/>\n<meta property=\"og:title\" content=\"\u00c0 propos de nous - Prefeb Nest\" \/>\n<meta property=\"og:description\" content=\"[vc_row][vc_column][vc_empty_space height=\u00a0\u00bb50px\u00a0\u00bb][vc_row_inner][vc_column_inner width=\u00a0\u00bb1\/2&Prime;][vc_single_image image=\u00a0\u00bb89&Prime; img_size=\u00a0\u00bbfull\u00a0\u00bb][vc_empty_space height=\u00a0\u00bb10px\u00a0\u00bb][vc_column_text]Pionniers dans l&rsquo;industrie de la construction pr\u00e9fabriqu\u00e9e, nous sommes dans le domaine de la construction et de l&rsquo;am\u00e9nagement int\u00e9rieur depuis plus d&rsquo;une d\u00e9cennie. Nous produisons des b\u00e2timents : a) De haute qualit\u00e9, des pr\u00eats \u00e0 l&#8217;emploi et \u00e0 la pointe de la technologie, pour tous les types de projets, y compris les logements abordables ; b) Selon la sp\u00e9cification du client \u2013 Selon les exigences de conception et de taille, les panneaux sont fabriqu\u00e9s dans\" \/>\n<meta property=\"og:url\" content=\"http:\/\/prefabnest.com\/fr\/about-us\/\" \/>\n<meta property=\"og:site_name\" content=\"Prefeb Nest\" \/>\n<meta property=\"article:modified_time\" content=\"2017-04-11T18:14:54+00:00\" \/>\n<meta name=\"twitter:card\" content=\"summary\" \/>\n<meta name=\"twitter:label1\" content=\"Dur\u00e9e de lecture est.\">\n\t<meta name=\"twitter:data1\" content=\"4 minutes\">\n<script type=\"application\/ld+json\" class=\"yoast-schema-graph\">{\"@context\":\"https:\/\/schema.org\",\"@graph\":[{\"@type\":\"WebSite\",\"@id\":\"http:\/\/prefabnest.com\/fr\/#website\",\"url\":\"http:\/\/prefabnest.com\/fr\/\",\"name\":\"Prefeb Nest\",\"description\":\"Just another Prefab Nest Sites site\",\"potentialAction\":[{\"@type\":\"SearchAction\",\"target\":\"http:\/\/prefabnest.com\/fr\/?s={search_term_string}\",\"query-input\":\"required name=search_term_string\"}],\"inLanguage\":\"fr-FR\"},{\"@type\":\"WebPage\",\"@id\":\"http:\/\/prefabnest.com\/fr\/about-us\/#webpage\",\"url\":\"http:\/\/prefabnest.com\/fr\/about-us\/\",\"name\":\"\\u00c0 propos de nous - Prefeb Nest\",\"isPartOf\":{\"@id\":\"http:\/\/prefabnest.com\/fr\/#website\"},\"datePublished\":\"2017-03-02T12:01:42+00:00\",\"dateModified\":\"2017-04-11T18:14:54+00:00\",\"inLanguage\":\"fr-FR\",\"potentialAction\":[{\"@type\":\"ReadAction\",\"target\":[\"http:\/\/prefabnest.com\/fr\/about-us\/\"]}]}]}<\/script>\n<!-- \/ Yoast SEO plugin. -->","_links":{"self":[{"href":"http:\/\/prefabnest.com\/fr\/wp-json\/wp\/v2\/pages\/10","targetHints":{"allow":["GET"]}}],"collection":[{"href":"http:\/\/prefabnest.com\/fr\/wp-json\/wp\/v2\/pages"}],"about":[{"href":"http:\/\/prefabnest.com\/fr\/wp-json\/wp\/v2\/types\/page"}],"author":[{"embeddable":true,"href":"http:\/\/prefabnest.com\/fr\/wp-json\/wp\/v2\/users\/1"}],"replies":[{"embeddable":true,"href":"http:\/\/prefabnest.com\/fr\/wp-json\/wp\/v2\/comments?post=10"}],"version-history":[{"count":10,"href":"http:\/\/prefabnest.com\/fr\/wp-json\/wp\/v2\/pages\/10\/revisions"}],"predecessor-version":[{"id":342,"href":"http:\/\/prefabnest.com\/fr\/wp-json\/wp\/v2\/pages\/10\/revisions\/342"}],"wp:attachment":[{"href":"http:\/\/prefabnest.com\/fr\/wp-json\/wp\/v2\/media?parent=10"}],"curies":[{"name":"wp","href":"https:\/\/api.w.org\/{rel}","templated":true}]}}