{"id":5,"date":"2017-03-02T11:34:22","date_gmt":"2017-03-02T11:34:22","guid":{"rendered":"http:\/\/rcreators.in\/Prefabnest\/?page_id=5"},"modified":"2017-04-12T02:16:13","modified_gmt":"2017-04-11T20:46:13","slug":"home","status":"publish","type":"page","link":"http:\/\/prefabnest.com\/fr\/","title":{"rendered":"Home"},"content":{"rendered":"<p>[vc_row full_width=\u00a0\u00bbstretch_row_content_no_spaces\u00a0\u00bb][vc_column][vc_row_inner][vc_column_inner][rev_slider_vc alias=\u00a0\u00bbhome\u00a0\u00bb][\/vc_column_inner][\/vc_row_inner][\/vc_column][\/vc_row][vc_row full_width=\u00a0\u00bbstretch_row\u00a0\u00bb el_class=\u00a0\u00bbwhite_text\u00a0\u00bb css=\u00a0\u00bb.vc_custom_1488787665483{background-color: #a71e22 !important;}\u00a0\u00bb][vc_column][vc_empty_space height=\u00a0\u00bb50&Prime;][vc_row_inner][vc_column_inner width=\u00a0\u00bb3\/4&Prime;][vc_column_text]<\/p>\n<h3 id=\"tw-target-text\" class=\"tw-data-text tw-ta tw-text-medium\" dir=\"ltr\" data-placeholder=\"Translation\"><span lang=\"fr\">Pour plus de d\u00e9tails sur les devis et les sp\u00e9cifications.<\/span><\/h3>\n<p>[\/vc_column_text][\/vc_column_inner][vc_column_inner width=\u00a0\u00bb1\/4&Prime;][vc_btn title=\u00a0\u00bbENTRER EN CONTACT\u00a0\u00bb style=\u00a0\u00bboutline\u00a0\u00bb shape=\u00a0\u00bbsquare\u00a0\u00bb color=\u00a0\u00bbwhite\u00a0\u00bb align=\u00a0\u00bbcenter\u00a0\u00bb button_block=\u00a0\u00bbtrue\u00a0\u00bb link=\u00a0\u00bburl:http%3A%2F%2Frcreators.in%2FPrefabnest%2Fcontact-us%2F|||\u00a0\u00bb][\/vc_column_inner][\/vc_row_inner][vc_empty_space height=\u00a0\u00bb50&Prime;][\/vc_column][\/vc_row][vc_row][vc_column][vc_empty_space height=\u00a0\u00bb50&Prime;][vc_row_inner][vc_column_inner width=\u00a0\u00bb1\/3&Prime;][vc_single_image image=\u00a0\u00bb35&Prime; img_size=\u00a0\u00bbfull\u00a0\u00bb alignment=\u00a0\u00bbcenter\u00a0\u00bb][vc_column_text]<\/p>\n<h3>L&rsquo;essentiel<\/h3>\n<ul>\n<li>L\u2019installation de la plateforme de cuisine en granite<\/li>\n<li>La plomberie \/ tuyauterie avec les installations et accessoires sanitaires<\/li>\n<li>Le c\u00e2blage \u00e9lectrique installations<\/li>\n<li>La peinture.<\/li>\n<\/ul>\n<p>[\/vc_column_text][\/vc_column_inner][vc_column_inner width=\u00a0\u00bb1\/3&Prime;][vc_single_image image=\u00a0\u00bb36&Prime; img_size=\u00a0\u00bbfull\u00a0\u00bb alignment=\u00a0\u00bbcenter\u00a0\u00bb][vc_column_text]<\/p>\n<h3>Semi Meubl\u00e9<\/h3>\n<ul>\n<li>L&rsquo;essentiel<\/li>\n<li>L\u2019installation d&rsquo;une cuisine modulaire\u00a0; et<\/li>\n<li>L\u2019installation du meuble t\u00e9l\u00e9 avec support pour les composants.<\/li>\n<\/ul>\n<p>[\/vc_column_text][\/vc_column_inner][vc_column_inner width=\u00a0\u00bb1\/3&Prime;][vc_single_image image=\u00a0\u00bb239&Prime; img_size=\u00a0\u00bbfull\u00a0\u00bb alignment=\u00a0\u00bbcenter\u00a0\u00bb][vc_column_text]<\/p>\n<h3>Enti\u00e8rement meubl\u00e9<\/h3>\n<ul>\n<li>Semi Meubl\u00e9<\/li>\n<li>L&rsquo;installation d&rsquo;armoires pour toutes les chambres\u00a0; et<\/li>\n<li>L&rsquo;installation de lits et de matelas.<\/li>\n<\/ul>\n<p>[\/vc_column_text][\/vc_column_inner][\/vc_row_inner][vc_empty_space height=\u00a0\u00bb50&Prime;][\/vc_column][\/vc_row][vc_row full_width=\u00a0\u00bbstretch_row\u00a0\u00bb css=\u00a0\u00bb.vc_custom_1488789348301{background-color: #222222 !important;}\u00a0\u00bb el_class=\u00a0\u00bbwhite_text\u00a0\u00bb][vc_column width=\u00a0\u00bb2\/3&Prime;][vc_empty_space height=\u00a0\u00bb50&Prime;][vc_column_text]<\/p>\n<h2 id=\"tw-target-text\" class=\"tw-data-text tw-ta tw-text-medium\" dir=\"ltr\" data-placeholder=\"Translation\"><span lang=\"fr\">QUI SOMMES-NOUS ET NOS PRIORIT\u00c9S<\/span><\/h2>\n<p>[\/vc_column_text][vc_separator color=\u00a0\u00bbcustom\u00a0\u00bb align=\u00a0\u00bbalign_left\u00a0\u00bb border_width=\u00a0\u00bb2&Prime; el_width=\u00a0\u00bb10&Prime; accent_color=\u00a0\u00bb#a71e22&Prime;][vc_column_text]<\/p>\n<div class=\"wpb_text_column wpb_content_element \">\n<div class=\"wpb_wrapper\">\n<p><em><u>Notre vision<\/u><\/em>\u00a0: Produire avec passion et joie, des maisons et des b\u00e2timents durables, en adoptant des technologies de pointe et des processus d\u2019innovation centr\u00e9e sur le client. D\u00e9velopper le groupe le plus admir\u00e9, respect\u00e9 et aspir\u00e9 dans l\u2019industrie de la construction et de l\u2019am\u00e9nagement int\u00e9rieur.<\/p>\n<p><em><u>Notre mission<\/u><\/em>: Red\u00e9finir les Espaces de Vie<\/p>\n<\/div>\n<\/div>\n<p>[\/vc_column_text][vc_empty_space height=\u00a0\u00bb30&Prime;][vc_row_inner][vc_column_inner width=\u00a0\u00bb1\/2&Prime;]<div class=\"aio-icon-component    style_2\"><div id=\"Info-box-wrap-3480\" class=\"aio-icon-box left-icon\" style=\"\"  ><div class=\"aio-icon-left\"><div class=\"ult-just-icon-wrapper  \"><div class=\"align-icon\" style=\"text-align:center;\">\n<div class=\"aio-icon square \"  style=\"color:#ffffff;background:#333333;font-size:25px;display:inline-block;\">\n\t<i class=\"Defaults-user\"><\/i>\n<\/div><\/div><\/div><\/div><div class=\"aio-ibd-block\"><div class=\"aio-icon-header\" ><h3 class=\"aio-icon-title ult-responsive\"  data-ultimate-target='#Info-box-wrap-3480 .aio-icon-title'  data-responsive-json-new='{\"font-size\":\"desktop:20px;\",\"line-height\":\"\"}'  style=\"\">\u00catre centr\u00e9 sur les gens<\/h3><\/div> <!-- header --><div class=\"aio-icon-description ult-responsive\"  data-ultimate-target='#Info-box-wrap-3480 .aio-icon-description'  data-responsive-json-new='{\"font-size\":\"desktop:13px;\",\"line-height\":\"\"}'  style=\"\">Respect et de la valeur pour les personnes<\/div> <!-- description --><\/div> <!-- aio-ibd-block --><\/div> <!-- aio-icon-box --><\/div> <!-- aio-icon-component --><div class=\"aio-icon-component    style_2\"><div id=\"Info-box-wrap-7412\" class=\"aio-icon-box left-icon\" style=\"\"  ><div class=\"aio-icon-left\"><div class=\"ult-just-icon-wrapper  \"><div class=\"align-icon\" style=\"text-align:center;\">\n<div class=\"aio-icon square \"  style=\"color:#ffffff;background:#333333;font-size:25px;display:inline-block;\">\n\t<i class=\"Defaults-signal\"><\/i>\n<\/div><\/div><\/div><\/div><div class=\"aio-ibd-block\"><div class=\"aio-icon-header\" ><h3 class=\"aio-icon-title ult-responsive\"  data-ultimate-target='#Info-box-wrap-7412 .aio-icon-title'  data-responsive-json-new='{\"font-size\":\"desktop:20px;\",\"line-height\":\"\"}'  style=\"\">Maintenir un bon sens des affaires <\/h3><\/div> <!-- header --><div class=\"aio-icon-description ult-responsive\"  data-ultimate-target='#Info-box-wrap-7412 .aio-icon-description'  data-responsive-json-new='{\"font-size\":\"desktop:13px;\",\"line-height\":\"\"}'  style=\"\">Prendre les d\u00e9cisions bas\u00e9es sur les chiffres clairs, en consultation avec le client<\/div> <!-- description --><\/div> <!-- aio-ibd-block --><\/div> <!-- aio-icon-box --><\/div> <!-- aio-icon-component --><div class=\"aio-icon-component    style_2\"><div id=\"Info-box-wrap-6213\" class=\"aio-icon-box left-icon\" style=\"\"  ><div class=\"aio-icon-left\"><div class=\"ult-just-icon-wrapper  \"><div class=\"align-icon\" style=\"text-align:center;\">\n<div class=\"aio-icon square \"  style=\"color:#ffffff;background:#333333;font-size:25px;display:inline-block;\">\n\t<i class=\"Defaults-user\"><\/i>\n<\/div><\/div><\/div><\/div><div class=\"aio-ibd-block\"><div class=\"aio-icon-header\" ><h3 class=\"aio-icon-title ult-responsive\"  data-ultimate-target='#Info-box-wrap-6213 .aio-icon-title'  data-responsive-json-new='{\"font-size\":\"desktop:20px;\",\"line-height\":\"\"}'  style=\"\">\u00catre responsable <\/h3><\/div> <!-- header --><div class=\"aio-icon-description ult-responsive\"  data-ultimate-target='#Info-box-wrap-6213 .aio-icon-description'  data-responsive-json-new='{\"font-size\":\"desktop:13px;\",\"line-height\":\"\"}'  style=\"\">D\u00e9velopper un sentiment d&rsquo;appartenance, \u00eatre ouvert et honn\u00eate avec les clients, et honorer l&rsquo;engagement<\/div> <!-- description --><\/div> <!-- aio-ibd-block --><\/div> <!-- aio-icon-box --><\/div> <!-- aio-icon-component -->[\/vc_column_inner][vc_column_inner width=\u00a0\u00bb1\/2&Prime;]<div class=\"aio-icon-component    style_2\"><div id=\"Info-box-wrap-1298\" class=\"aio-icon-box left-icon\" style=\"\"  ><div class=\"aio-icon-left\"><div class=\"ult-just-icon-wrapper  \"><div class=\"align-icon\" style=\"text-align:center;\">\n<div class=\"aio-icon square \"  style=\"color:#ffffff;background:#333333;font-size:25px;display:inline-block;\">\n\t<i class=\"Defaults-refresh\"><\/i>\n<\/div><\/div><\/div><\/div><div class=\"aio-ibd-block\"><div class=\"aio-icon-header\" ><h3 class=\"aio-icon-title ult-responsive\"  data-ultimate-target='#Info-box-wrap-1298 .aio-icon-title'  data-responsive-json-new='{\"font-size\":\"desktop:20px;\",\"line-height\":\"\"}'  style=\"\">Se concentrer sur les relations <\/h3><\/div> <!-- header --><div class=\"aio-icon-description ult-responsive\"  data-ultimate-target='#Info-box-wrap-1298 .aio-icon-description'  data-responsive-json-new='{\"font-size\":\"desktop:13px;\",\"line-height\":\"\"}'  style=\"\">D\u00e9velopper des relations avec les gens, et faire confiance au pouvoir des relations<\/div> <!-- description --><\/div> <!-- aio-ibd-block --><\/div> <!-- aio-icon-box --><\/div> <!-- aio-icon-component --><div class=\"aio-icon-component    style_2\"><div id=\"Info-box-wrap-5768\" class=\"aio-icon-box left-icon\" style=\"\"  ><div class=\"aio-icon-left\"><div class=\"ult-just-icon-wrapper  \"><div class=\"align-icon\" style=\"text-align:center;\">\n<div class=\"aio-icon square \"  style=\"color:#ffffff;background:#333333;font-size:25px;display:inline-block;\">\n\t<i class=\"Defaults-check\"><\/i>\n<\/div><\/div><\/div><\/div><div class=\"aio-ibd-block\"><div class=\"aio-icon-header\" ><h3 class=\"aio-icon-title ult-responsive\"  data-ultimate-target='#Info-box-wrap-5768 .aio-icon-title'  data-responsive-json-new='{\"font-size\":\"desktop:20px;\",\"line-height\":\"\"}'  style=\"\">Int\u00e9grit\u00e9<\/h3><\/div> <!-- header --><div class=\"aio-icon-description ult-responsive\"  data-ultimate-target='#Info-box-wrap-5768 .aio-icon-description'  data-responsive-json-new='{\"font-size\":\"desktop:13px;\",\"line-height\":\"\"}'  style=\"\"><\/p>\n<p class=\"p1\"><span class=\"s1\">Honn\u00eatet\u00e9 et respect des engagements<\/span><\/p>\n<p><\/div> <!-- description --><\/div> <!-- aio-ibd-block --><\/div> <!-- aio-icon-box --><\/div> <!-- aio-icon-component --><div class=\"aio-icon-component    style_2\"><div id=\"Info-box-wrap-6968\" class=\"aio-icon-box left-icon\" style=\"\"  ><div class=\"aio-icon-left\"><div class=\"ult-just-icon-wrapper  \"><div class=\"align-icon\" style=\"text-align:center;\">\n<div class=\"aio-icon square \"  style=\"color:#ffffff;background:#333333;font-size:25px;display:inline-block;\">\n\t<i class=\"Defaults-thumbs-up\"><\/i>\n<\/div><\/div><\/div><\/div><div class=\"aio-ibd-block\"><div class=\"aio-icon-header\" ><h3 class=\"aio-icon-title ult-responsive\"  data-ultimate-target='#Info-box-wrap-6968 .aio-icon-title'  data-responsive-json-new='{\"font-size\":\"desktop:20px;\",\"line-height\":\"\"}'  style=\"\">Promesse de marque<\/h3><\/div> <!-- header --><div class=\"aio-icon-description ult-responsive\"  data-ultimate-target='#Info-box-wrap-6968 .aio-icon-description'  data-responsive-json-new='{\"font-size\":\"desktop:13px;\",\"line-height\":\"\"}'  style=\"\"><\/p>\n<p class=\"p1\"><span class=\"s1\">Am\u00e9liorer la vie<\/span><\/p>\n<p><\/div> <!-- description --><\/div> <!-- aio-ibd-block --><\/div> <!-- aio-icon-box --><\/div> <!-- aio-icon-component -->[\/vc_column_inner][\/vc_row_inner][vc_empty_space height=\u00a0\u00bb30&Prime;][\/vc_column][vc_column width=\u00a0\u00bb1\/3&Prime;][vc_empty_space height=\u00a0\u00bb50&Prime;][vc_single_image image=\u00a0\u00bb77&Prime; img_size=\u00a0\u00bbfull\u00a0\u00bb][vc_separator color=\u00a0\u00bbcustom\u00a0\u00bb align=\u00a0\u00bbalign_left\u00a0\u00bb border_width=\u00a0\u00bb2&Prime; el_width=\u00a0\u00bb10&Prime; accent_color=\u00a0\u00bb#a71e22&Prime;][vc_column_text]<\/p>\n<div class=\"wpb_text_column wpb_content_element \">\n<div class=\"wpb_wrapper\">\n<p>Prefab Nest utilise un processus de construction modulaire\u00a0; Beaucoup de composants d\u2019une maison sont fabriqu\u00e9s et pr\u00e9assembl\u00e9s avant la construction sur site. Selon notre compr\u00e9hension, cette technique est moins co\u00fbteuse que les m\u00e9thodes &lt;&lt; stick-built &gt;&gt; (ou construction sur place) et produit moins de d\u00e9chets<\/p>\n<\/div>\n<\/div>\n<p>[\/vc_column_text][vc_empty_space height=\u00a0\u00bb30&Prime;][\/vc_column][\/vc_row][vc_row][vc_column][vc_empty_space height=\u00a0\u00bb50&Prime;][vc_column_text]<\/p>\n<h2 id=\"tw-target-text\" class=\"tw-data-text tw-ta tw-text-medium\" dir=\"ltr\" style=\"text-align: center;\" data-placeholder=\"Translation\"><span lang=\"fr\">LES PROJETS R\u00c9CENTS<\/span><\/h2>\n<p>[\/vc_column_text][vc_separator color=\u00a0\u00bbcustom\u00a0\u00bb border_width=\u00a0\u00bb2&Prime; el_width=\u00a0\u00bb10&Prime; accent_color=\u00a0\u00bb#a71e22&Prime;][vc_row_inner][vc_column_inner][vc_media_grid element_width=\u00a0\u00bb3&Prime; item=\u00a0\u00bbmediaGrid_FadeInWithIcon\u00a0\u00bb grid_id=\u00a0\u00bbvc_gid:1491943393495-8f352099-58e4-4&Prime; include=\u00a0\u00bb38,37,36,35&Prime;][\/vc_column_inner][\/vc_row_inner][vc_empty_space height=\u00a0\u00bb20&Prime;][vc_row_inner][vc_column_inner width=\u00a0\u00bb5\/12&Prime;][\/vc_column_inner][vc_column_inner width=\u00a0\u00bb2\/12&Prime;][vc_btn title=\u00a0\u00bbVOIR TOUT\u00a0\u00bb style=\u00a0\u00bbflat\u00a0\u00bb shape=\u00a0\u00bbsquare\u00a0\u00bb align=\u00a0\u00bbcenter\u00a0\u00bb button_block=\u00a0\u00bbtrue\u00a0\u00bb link=\u00a0\u00bburl:http%3A%2F%2Frcreators.in%2FPrefabnest%2Four-projects%2F|||\u00a0\u00bb][\/vc_column_inner][vc_column_inner width=\u00a0\u00bb5\/12&Prime;][\/vc_column_inner][\/vc_row_inner][vc_empty_space height=\u00a0\u00bb50&Prime;][\/vc_column][\/vc_row]<\/p>\n","protected":false},"excerpt":{"rendered":"<p>[vc_row full_width=\u00a0\u00bbstretch_row_content_no_spaces\u00a0\u00bb][vc_column][vc_row_inner][vc_column_inner][rev_slider_vc alias=\u00a0\u00bbhome\u00a0\u00bb][\/vc_column_inner][\/vc_row_inner][\/vc_column][\/vc_row][vc_row full_width=\u00a0\u00bbstretch_row\u00a0\u00bb el_class=\u00a0\u00bbwhite_text\u00a0\u00bb css=\u00a0\u00bb.vc_custom_1488787665483{background-color: #a71e22 !important;}\u00a0\u00bb][vc_column][vc_empty_space height=\u00a0\u00bb50&Prime;][vc_row_inner][vc_column_inner width=\u00a0\u00bb3\/4&Prime;][vc_column_text] Pour plus de d\u00e9tails sur les devis et les sp\u00e9cifications. [\/vc_column_text][\/vc_column_inner][vc_column_inner width=\u00a0\u00bb1\/4&Prime;][vc_btn title=\u00a0\u00bbENTRER EN CONTACT\u00a0\u00bb style=\u00a0\u00bboutline\u00a0\u00bb shape=\u00a0\u00bbsquare\u00a0\u00bb color=\u00a0\u00bbwhite\u00a0\u00bb align=\u00a0\u00bbcenter\u00a0\u00bb button_block=\u00a0\u00bbtrue\u00a0\u00bb link=\u00a0\u00bburl:http%3A%2F%2Frcreators.in%2FPrefabnest%2Fcontact-us%2F|||\u00a0\u00bb][\/vc_column_inner][\/vc_row_inner][vc_empty_space height=\u00a0\u00bb50&Prime;][\/vc_column][\/vc_row][vc_row][vc_column][vc_empty_space height=\u00a0\u00bb50&Prime;][vc_row_inner][vc_column_inner width=\u00a0\u00bb1\/3&Prime;][vc_single_image image=\u00a0\u00bb35&Prime; img_size=\u00a0\u00bbfull\u00a0\u00bb alignment=\u00a0\u00bbcenter\u00a0\u00bb][vc_column_text] L&rsquo;essentiel L\u2019installation de la plateforme de cuisine en granite La plomberie \/ tuyauterie avec les installations et accessoires sanitaires Le c\u00e2blage \u00e9lectrique installations La peinture. [\/vc_column_text][\/vc_column_inner][vc_column_inner width=\u00a0\u00bb1\/3&Prime;][vc_single_image image=\u00a0\u00bb36&Prime; img_size=\u00a0\u00bbfull\u00a0\u00bb alignment=\u00a0\u00bbcenter\u00a0\u00bb][vc_column_text] Semi Meubl\u00e9 L&rsquo;essentiel L\u2019installation d&rsquo;une cuisine modulaire\u00a0; et L\u2019installation du meuble t\u00e9l\u00e9 avec<\/p>\n","protected":false},"author":1,"featured_media":0,"parent":0,"menu_order":0,"comment_status":"closed","ping_status":"closed","template":"","meta":{"footnotes":""},"class_list":["post-5","page","type-page","status-publish","hentry"],"yoast_head":"<!-- This site is optimized with the Yoast SEO plugin v15.5 - https:\/\/yoast.com\/wordpress\/plugins\/seo\/ -->\n<meta name=\"robots\" content=\"index, follow, max-snippet:-1, max-image-preview:large, max-video-preview:-1\" \/>\n<link rel=\"canonical\" href=\"http:\/\/prefabnest.com\/fr\/\" \/>\n<meta property=\"og:locale\" content=\"fr_FR\" \/>\n<meta property=\"og:type\" content=\"article\" \/>\n<meta property=\"og:title\" content=\"Home - Prefeb Nest\" \/>\n<meta property=\"og:description\" content=\"[vc_row full_width=\u00a0\u00bbstretch_row_content_no_spaces\u00a0\u00bb][vc_column][vc_row_inner][vc_column_inner][rev_slider_vc alias=\u00a0\u00bbhome\u00a0\u00bb][\/vc_column_inner][\/vc_row_inner][\/vc_column][\/vc_row][vc_row full_width=\u00a0\u00bbstretch_row\u00a0\u00bb el_class=\u00a0\u00bbwhite_text\u00a0\u00bb css=\u00a0\u00bb.vc_custom_1488787665483{background-color: #a71e22 !important;}\u00a0\u00bb][vc_column][vc_empty_space height=\u00a0\u00bb50&Prime;][vc_row_inner][vc_column_inner width=\u00a0\u00bb3\/4&Prime;][vc_column_text] Pour plus de d\u00e9tails sur les devis et les sp\u00e9cifications. [\/vc_column_text][\/vc_column_inner][vc_column_inner width=\u00a0\u00bb1\/4&Prime;][vc_btn title=\u00a0\u00bbENTRER EN CONTACT\u00a0\u00bb style=\u00a0\u00bboutline\u00a0\u00bb shape=\u00a0\u00bbsquare\u00a0\u00bb color=\u00a0\u00bbwhite\u00a0\u00bb align=\u00a0\u00bbcenter\u00a0\u00bb button_block=\u00a0\u00bbtrue\u00a0\u00bb link=\u00a0\u00bburl:http%3A%2F%2Frcreators.in%2FPrefabnest%2Fcontact-us%2F|||\u00a0\u00bb][\/vc_column_inner][\/vc_row_inner][vc_empty_space height=\u00a0\u00bb50&Prime;][\/vc_column][\/vc_row][vc_row][vc_column][vc_empty_space height=\u00a0\u00bb50&Prime;][vc_row_inner][vc_column_inner width=\u00a0\u00bb1\/3&Prime;][vc_single_image image=\u00a0\u00bb35&Prime; img_size=\u00a0\u00bbfull\u00a0\u00bb alignment=\u00a0\u00bbcenter\u00a0\u00bb][vc_column_text] L&rsquo;essentiel L\u2019installation de la plateforme de cuisine en granite La plomberie \/ tuyauterie avec les installations et accessoires sanitaires Le c\u00e2blage \u00e9lectrique installations La peinture. [\/vc_column_text][\/vc_column_inner][vc_column_inner width=\u00a0\u00bb1\/3&Prime;][vc_single_image image=\u00a0\u00bb36&Prime; img_size=\u00a0\u00bbfull\u00a0\u00bb alignment=\u00a0\u00bbcenter\u00a0\u00bb][vc_column_text] Semi Meubl\u00e9 L&rsquo;essentiel L\u2019installation d&rsquo;une cuisine modulaire\u00a0; et L\u2019installation du meuble t\u00e9l\u00e9 avec\" \/>\n<meta property=\"og:url\" content=\"http:\/\/prefabnest.com\/fr\/\" \/>\n<meta property=\"og:site_name\" content=\"Prefeb Nest\" \/>\n<meta property=\"article:modified_time\" content=\"2017-04-11T20:46:13+00:00\" \/>\n<meta name=\"twitter:card\" content=\"summary\" \/>\n<meta name=\"twitter:label1\" content=\"Dur\u00e9e de lecture est.\">\n\t<meta name=\"twitter:data1\" content=\"4 minutes\">\n<script type=\"application\/ld+json\" class=\"yoast-schema-graph\">{\"@context\":\"https:\/\/schema.org\",\"@graph\":[{\"@type\":\"WebSite\",\"@id\":\"http:\/\/prefabnest.com\/fr\/#website\",\"url\":\"http:\/\/prefabnest.com\/fr\/\",\"name\":\"Prefeb Nest\",\"description\":\"Just another Prefab Nest Sites site\",\"potentialAction\":[{\"@type\":\"SearchAction\",\"target\":\"http:\/\/prefabnest.com\/fr\/?s={search_term_string}\",\"query-input\":\"required name=search_term_string\"}],\"inLanguage\":\"fr-FR\"},{\"@type\":\"WebPage\",\"@id\":\"http:\/\/prefabnest.com\/fr\/#webpage\",\"url\":\"http:\/\/prefabnest.com\/fr\/\",\"name\":\"Home - Prefeb Nest\",\"isPartOf\":{\"@id\":\"http:\/\/prefabnest.com\/fr\/#website\"},\"datePublished\":\"2017-03-02T11:34:22+00:00\",\"dateModified\":\"2017-04-11T20:46:13+00:00\",\"inLanguage\":\"fr-FR\",\"potentialAction\":[{\"@type\":\"ReadAction\",\"target\":[\"http:\/\/prefabnest.com\/fr\/\"]}]}]}<\/script>\n<!-- \/ Yoast SEO plugin. -->","_links":{"self":[{"href":"http:\/\/prefabnest.com\/fr\/wp-json\/wp\/v2\/pages\/5","targetHints":{"allow":["GET"]}}],"collection":[{"href":"http:\/\/prefabnest.com\/fr\/wp-json\/wp\/v2\/pages"}],"about":[{"href":"http:\/\/prefabnest.com\/fr\/wp-json\/wp\/v2\/types\/page"}],"author":[{"embeddable":true,"href":"http:\/\/prefabnest.com\/fr\/wp-json\/wp\/v2\/users\/1"}],"replies":[{"embeddable":true,"href":"http:\/\/prefabnest.com\/fr\/wp-json\/wp\/v2\/comments?post=5"}],"version-history":[{"count":11,"href":"http:\/\/prefabnest.com\/fr\/wp-json\/wp\/v2\/pages\/5\/revisions"}],"predecessor-version":[{"id":364,"href":"http:\/\/prefabnest.com\/fr\/wp-json\/wp\/v2\/pages\/5\/revisions\/364"}],"wp:attachment":[{"href":"http:\/\/prefabnest.com\/fr\/wp-json\/wp\/v2\/media?parent=5"}],"curies":[{"name":"wp","href":"https:\/\/api.w.org\/{rel}","templated":true}]}}